{"id":943,"date":"2019-07-15T16:54:05","date_gmt":"2019-07-15T15:54:05","guid":{"rendered":"http:\/\/appartementsdelacote.com\/en\/description-2\/"},"modified":"2019-07-16T11:33:40","modified_gmt":"2019-07-16T10:33:40","slug":"description-2","status":"publish","type":"page","link":"https:\/\/www.appartementsdelacote.fr\/en\/description-2\/","title":{"rendered":"Description"},"content":{"rendered":"\n<h3 class=\"wp-block-heading\" style=\"text-align:center\">&#8220;Maufoux&#8221;<br><\/h3>\n\n\n\n<p style=\"text-align:center\"><em>3 room apartment, 90m2, up to 4 people.<\/em><\/p>\n\n\n\n<p><strong>American kitchen \/ office<\/strong><\/p>\n\n\n\n<ul class=\"wp-block-list\"><li>2 refrigerators<\/li><li>Dishwasher<\/li><li>3 ovens \/ hotplate<\/li><li>Wine cellar<\/li><li>Washer \/ dryer<\/li><li>Iron \/ ironing board<\/li><\/ul>\n\n\n\n<p><strong>Room 1<\/strong><\/p>\n\n\n\n<ul class=\"wp-block-list\"><li>Double bed 160x200cm<\/li><li>T.V.<\/li><\/ul>\n\n\n\n<p><strong>Room 2<\/strong><\/p>\n\n\n\n<ul class=\"wp-block-list\"><li>Trundle bed (2 single beds, possibility to prepare them in double bed)<\/li><\/ul>\n\n\n\n<p><strong>Living room<\/strong><\/p>\n\n\n\n<ul class=\"wp-block-list\"><li>Dinner table<\/li><li>Sofa<\/li><li>T.V.<\/li><li>Hi-fi system<\/li><\/ul>\n\n\n\n<p><strong>Shower <\/strong>(se\u00e2rate WC)<\/p>\n\n\n\n<ul class=\"wp-block-list\"><li>Italian shower<\/li><\/ul>\n\n\n\n<hr class=\"wp-block-separator\"\/>\n\n\n\n<h3 class=\"wp-block-heading\" style=\"text-align:center\">&#8220;Basilique&#8221;<\/h3>\n\n\n\n<p style=\"text-align:center\"><em>Duplex 5 rooms, 145m2, up to 12 people.<\/em><\/p>\n\n\n\n<p class=\"has-background has-very-light-gray-background-color\"><span style=\"font-weight: 600; background-color: rgb(232, 234, 235);\">1st Floor<\/span><\/p>\n\n\n\n<p><strong>Living \/ dining room<\/strong><\/p>\n\n\n\n<ul class=\"wp-block-list\"><li>Dinner table<\/li><li>T.V.<\/li><li>Sofa<\/li><\/ul>\n\n\n\n<p><strong>Equipped kitchen<\/strong><\/p>\n\n\n\n<ul class=\"wp-block-list\"><li>Fridge<\/li><li>Piano cooker (3 ovens)<\/li><li>Microwave<\/li><li>Dishwasher<\/li><\/ul>\n\n\n\n<p><strong>Master bedroom <\/strong>(bedroom, dressing room, bathroom)<\/p>\n\n\n\n<ul class=\"wp-block-list\"><li>160x200cm bdc<\/li><li>T.V.<\/li><li>Italian shower<\/li><\/ul>\n\n\n\n<p><strong>Lingerie<\/strong><\/p>\n\n\n\n<ul class=\"wp-block-list\"><li>Washer \/ dryer<\/li><li>Ironing board<\/li><li>Iron<\/li><\/ul>\n\n\n\n<p class=\"has-background has-very-light-gray-background-color\"><strong>2nd FLOOR<\/strong><\/p>\n\n\n\n<p><strong>Room 1<\/strong><\/p>\n\n\n\n<ul class=\"wp-block-list\"><li>160x200cm bdc<\/li><li>T.V.<\/li><li><\/li><\/ul>\n\n\n\n<p><strong>Room 2<\/strong><\/p>\n\n\n\n<ul class=\"wp-block-list\"><li>160x200cm bdc<\/li><li>T.V.<\/li><li><\/li><\/ul>\n\n\n\n<p><strong>Room 3<\/strong><\/p>\n\n\n\n<ul class=\"wp-block-list\"><li>4 single beds<\/li><li>T.V.<\/li><\/ul>\n\n\n\n<p><strong>Kitchen<\/strong><\/p>\n\n\n\n<ul class=\"wp-block-list\"><li>Oven<\/li><li>Microwave<\/li><li>Induction hobs<\/li><li>Dishwasher<\/li><li>Hi-fi system<\/li><\/ul>\n\n\n\n<p><strong>Shower room(in Burgundy stone)<\/strong><\/p>\n\n\n\n<ul class=\"wp-block-list\"><li>Italian shower<\/li><\/ul>\n\n\n\n<hr class=\"wp-block-separator\"\/>\n\n\n\n<h3 class=\"wp-block-heading\" style=\"text-align:center\">&#8220;Vignoble&#8221;<\/h3>\n\n\n\n<p style=\"text-align:center\"><em>Duplex 5 rooms, 150m2, up to 6 adults + 6 children.<\/em><\/p>\n\n\n\n<p class=\"has-background has-very-light-gray-background-color\"><span style=\"font-weight: 600; background-color: rgb(232, 234, 235);\">1st FLOOR<\/span><\/p>\n\n\n\n<p><strong>Living \/ dining room<\/strong><\/p>\n\n\n\n<ul class=\"wp-block-list\"><li>Dinner table<\/li><li>T.V.<\/li><li>Sofa<\/li><\/ul>\n\n\n\n<p><strong>Equipped kitchen<\/strong><\/p>\n\n\n\n<ul class=\"wp-block-list\"><li>Fridge<\/li><li>Piano cooker (3 ovens)<\/li><li>Microwave<\/li><li>Dishwasher<\/li><\/ul>\n\n\n\n<p><strong>Office<\/strong><\/p>\n\n\n\n<ul class=\"wp-block-list\"><li>Washer \/ dryer<\/li><li>Ironing board<\/li><li>Iron<\/li><li>Large fridge \/ freezer<\/li><li>Wine cellar<\/li><\/ul>\n\n\n\n<p><strong>Room 1<\/strong><\/p>\n\n\n\n<ul class=\"wp-block-list\"><li>160x200cm bed<\/li><li>2x Trundle bed (90x200cm)<\/li><li><\/li><\/ul>\n\n\n\n<p><strong>Room 2<\/strong><\/p>\n\n\n\n<ul class=\"wp-block-list\"><li>2x 80x200cm beds<\/li><\/ul>\n\n\n\n<p><span style=\"font-weight: 600; background-color: rgb(232, 234, 235);\">Shower room<\/span><\/p>\n\n\n\n<ul class=\"wp-block-list\"><li>Italian shower<\/li><li>W.C.<\/li><\/ul>\n\n\n\n<p class=\"has-background has-very-light-gray-background-color\"><strong>2nd FLOOR<\/strong><\/p>\n\n\n\n<p><strong>Room 1<\/strong><\/p>\n\n\n\n<ul class=\"wp-block-list\"><li>200x200cm bdc<\/li><li>Italian shower<\/li><li>T.V.<\/li><\/ul>\n\n\n\n<p><strong>Room 2<\/strong><\/p>\n\n\n\n<ul class=\"wp-block-list\"><li>Lit 160x200cm<\/li><li>T.V.<\/li><li><\/li><\/ul>\n\n\n\n<p><strong>Room 3<\/strong><\/p>\n\n\n\n<ul class=\"wp-block-list\"><li>4 single beds<\/li><li>T.V.<\/li><\/ul>\n\n\n\n<p><span style=\"font-weight: 600; background-color: rgb(232, 234, 235);\">Shower room <strong>(in Burgundy stone)<\/strong><\/span><\/p>\n\n\n\n<ul class=\"wp-block-list\"><li>Double walk-in italian shower<\/li><\/ul>\n","protected":false},"excerpt":{"rendered":"<p>&#8220;Maufoux&#8221; 3 room apartment, 90m2, up to 4 people. American kitchen \/ office 2 refrigerators Dishwasher 3 ovens \/ hotplate Wine cellar Washer \/ dryer Iron \/ ironing board Room 1 Double bed 160x200cm T.V. Room 2 Trundle bed (2 single beds, possibility to prepare them in double bed) Living room Dinner table Sofa T.V. Hi-fi system Shower (se\u00e2rate WC) Italian shower &#8220;Basilique&#8221; Duplex 5 rooms, 145m2, up to 12 people. 1st Floor Living \/ dining room Dinner table T.V. Sofa Equipped kitchen Fridge Piano cooker (3 ovens)&#8230;<\/p>\n","protected":false},"author":1,"featured_media":0,"parent":0,"menu_order":0,"comment_status":"closed","ping_status":"closed","template":"","meta":{"footnotes":""},"class_list":["post-943","page","type-page","status-publish","hentry"],"yoast_head":"<!-- This site is optimized with the Yoast SEO plugin v25.7 - https:\/\/yoast.com\/wordpress\/plugins\/seo\/ -->\n<title>Description - G\u00eete \u00e0 Beaune<\/title>\n<meta name=\"robots\" content=\"index, follow, max-snippet:-1, max-image-preview:large, max-video-preview:-1\" \/>\n<link rel=\"canonical\" href=\"https:\/\/www.appartementsdelacote.fr\/en\/description-2\/\" \/>\n<meta property=\"og:locale\" content=\"en_US\" \/>\n<meta property=\"og:type\" content=\"article\" \/>\n<meta property=\"og:title\" content=\"Description - G\u00eete \u00e0 Beaune\" \/>\n<meta property=\"og:description\" content=\"&#8220;Maufoux&#8221; 3 room apartment, 90m2, up to 4 people. American kitchen \/ office 2 refrigerators Dishwasher 3 ovens \/ hotplate Wine cellar Washer \/ dryer Iron \/ ironing board Room 1 Double bed 160x200cm T.V. Room 2 Trundle bed (2 single beds, possibility to prepare them in double bed) Living room Dinner table Sofa T.V. Hi-fi system Shower (se\u00e2rate WC) Italian shower &#8220;Basilique&#8221; Duplex 5 rooms, 145m2, up to 12 people. 1st Floor Living \/ dining room Dinner table T.V. Sofa Equipped kitchen Fridge Piano cooker (3 ovens)...\" \/>\n<meta property=\"og:url\" content=\"https:\/\/www.appartementsdelacote.fr\/en\/description-2\/\" \/>\n<meta property=\"og:site_name\" content=\"G\u00eete \u00e0 Beaune\" \/>\n<meta property=\"article:modified_time\" content=\"2019-07-16T10:33:40+00:00\" \/>\n<meta name=\"twitter:label1\" content=\"Est. reading time\" \/>\n\t<meta name=\"twitter:data1\" content=\"1 minute\" \/>\n<script type=\"application\/ld+json\" class=\"yoast-schema-graph\">{\"@context\":\"https:\/\/schema.org\",\"@graph\":[{\"@type\":\"WebPage\",\"@id\":\"https:\/\/www.appartementsdelacote.fr\/en\/description-2\/\",\"url\":\"https:\/\/www.appartementsdelacote.fr\/en\/description-2\/\",\"name\":\"Description - G\u00eete \u00e0 Beaune\",\"isPartOf\":{\"@id\":\"https:\/\/www.appartementsdelacote.fr\/#website\"},\"datePublished\":\"2019-07-15T15:54:05+00:00\",\"dateModified\":\"2019-07-16T10:33:40+00:00\",\"breadcrumb\":{\"@id\":\"https:\/\/www.appartementsdelacote.fr\/en\/description-2\/#breadcrumb\"},\"inLanguage\":\"en-US\",\"potentialAction\":[{\"@type\":\"ReadAction\",\"target\":[\"https:\/\/www.appartementsdelacote.fr\/en\/description-2\/\"]}]},{\"@type\":\"BreadcrumbList\",\"@id\":\"https:\/\/www.appartementsdelacote.fr\/en\/description-2\/#breadcrumb\",\"itemListElement\":[{\"@type\":\"ListItem\",\"position\":1,\"name\":\"Home\",\"item\":\"https:\/\/www.appartementsdelacote.fr\/en\/photos-vignoble\/\"},{\"@type\":\"ListItem\",\"position\":2,\"name\":\"Description\"}]},{\"@type\":\"WebSite\",\"@id\":\"https:\/\/www.appartementsdelacote.fr\/#website\",\"url\":\"https:\/\/www.appartementsdelacote.fr\/\",\"name\":\"G\u00eete \u00e0 Beaune\",\"description\":\"Appartements de la c\u00f4te\",\"potentialAction\":[{\"@type\":\"SearchAction\",\"target\":{\"@type\":\"EntryPoint\",\"urlTemplate\":\"https:\/\/www.appartementsdelacote.fr\/?s={search_term_string}\"},\"query-input\":{\"@type\":\"PropertyValueSpecification\",\"valueRequired\":true,\"valueName\":\"search_term_string\"}}],\"inLanguage\":\"en-US\"}]}<\/script>\n<!-- \/ Yoast SEO plugin. -->","yoast_head_json":{"title":"Description - G\u00eete \u00e0 Beaune","robots":{"index":"index","follow":"follow","max-snippet":"max-snippet:-1","max-image-preview":"max-image-preview:large","max-video-preview":"max-video-preview:-1"},"canonical":"https:\/\/www.appartementsdelacote.fr\/en\/description-2\/","og_locale":"en_US","og_type":"article","og_title":"Description - G\u00eete \u00e0 Beaune","og_description":"&#8220;Maufoux&#8221; 3 room apartment, 90m2, up to 4 people. American kitchen \/ office 2 refrigerators Dishwasher 3 ovens \/ hotplate Wine cellar Washer \/ dryer Iron \/ ironing board Room 1 Double bed 160x200cm T.V. Room 2 Trundle bed (2 single beds, possibility to prepare them in double bed) Living room Dinner table Sofa T.V. Hi-fi system Shower (se\u00e2rate WC) Italian shower &#8220;Basilique&#8221; Duplex 5 rooms, 145m2, up to 12 people. 1st Floor Living \/ dining room Dinner table T.V. Sofa Equipped kitchen Fridge Piano cooker (3 ovens)...","og_url":"https:\/\/www.appartementsdelacote.fr\/en\/description-2\/","og_site_name":"G\u00eete \u00e0 Beaune","article_modified_time":"2019-07-16T10:33:40+00:00","twitter_misc":{"Est. reading time":"1 minute"},"schema":{"@context":"https:\/\/schema.org","@graph":[{"@type":"WebPage","@id":"https:\/\/www.appartementsdelacote.fr\/en\/description-2\/","url":"https:\/\/www.appartementsdelacote.fr\/en\/description-2\/","name":"Description - G\u00eete \u00e0 Beaune","isPartOf":{"@id":"https:\/\/www.appartementsdelacote.fr\/#website"},"datePublished":"2019-07-15T15:54:05+00:00","dateModified":"2019-07-16T10:33:40+00:00","breadcrumb":{"@id":"https:\/\/www.appartementsdelacote.fr\/en\/description-2\/#breadcrumb"},"inLanguage":"en-US","potentialAction":[{"@type":"ReadAction","target":["https:\/\/www.appartementsdelacote.fr\/en\/description-2\/"]}]},{"@type":"BreadcrumbList","@id":"https:\/\/www.appartementsdelacote.fr\/en\/description-2\/#breadcrumb","itemListElement":[{"@type":"ListItem","position":1,"name":"Home","item":"https:\/\/www.appartementsdelacote.fr\/en\/photos-vignoble\/"},{"@type":"ListItem","position":2,"name":"Description"}]},{"@type":"WebSite","@id":"https:\/\/www.appartementsdelacote.fr\/#website","url":"https:\/\/www.appartementsdelacote.fr\/","name":"G\u00eete \u00e0 Beaune","description":"Appartements de la c\u00f4te","potentialAction":[{"@type":"SearchAction","target":{"@type":"EntryPoint","urlTemplate":"https:\/\/www.appartementsdelacote.fr\/?s={search_term_string}"},"query-input":{"@type":"PropertyValueSpecification","valueRequired":true,"valueName":"search_term_string"}}],"inLanguage":"en-US"}]}},"_links":{"self":[{"href":"https:\/\/www.appartementsdelacote.fr\/en\/wp-json\/wp\/v2\/pages\/943","targetHints":{"allow":["GET"]}}],"collection":[{"href":"https:\/\/www.appartementsdelacote.fr\/en\/wp-json\/wp\/v2\/pages"}],"about":[{"href":"https:\/\/www.appartementsdelacote.fr\/en\/wp-json\/wp\/v2\/types\/page"}],"author":[{"embeddable":true,"href":"https:\/\/www.appartementsdelacote.fr\/en\/wp-json\/wp\/v2\/users\/1"}],"replies":[{"embeddable":true,"href":"https:\/\/www.appartementsdelacote.fr\/en\/wp-json\/wp\/v2\/comments?post=943"}],"version-history":[{"count":4,"href":"https:\/\/www.appartementsdelacote.fr\/en\/wp-json\/wp\/v2\/pages\/943\/revisions"}],"predecessor-version":[{"id":991,"href":"https:\/\/www.appartementsdelacote.fr\/en\/wp-json\/wp\/v2\/pages\/943\/revisions\/991"}],"wp:attachment":[{"href":"https:\/\/www.appartementsdelacote.fr\/en\/wp-json\/wp\/v2\/media?parent=943"}],"curies":[{"name":"wp","href":"https:\/\/api.w.org\/{rel}","templated":true}]}}