{"id":669,"date":"2015-07-12T10:00:04","date_gmt":"2015-07-12T09:00:04","guid":{"rendered":"http:\/\/appartementsdelacote.com\/photos-2\/"},"modified":"2019-07-16T09:21:19","modified_gmt":"2019-07-16T08:21:19","slug":"photos","status":"publish","type":"page","link":"https:\/\/www.appartementsdelacote.fr\/en\/photos\/","title":{"rendered":"Photos"},"content":{"rendered":"<ul class=\"wp-block-gallery columns-4 is-cropped\">\n<li class=\"blocks-gallery-item\">\n<figure><a href=\"http:\/\/appartementsdelacote.com\/en\/photos-maufoux\/\"><img loading=\"lazy\" decoding=\"async\" width=\"1024\" height=\"652\" src=\"http:\/\/appartementsdelacote.com\/wp-content\/uploads\/2015\/07\/AdC-Salon-low-1024x652.jpg\" alt=\"\" data-id=\"648\" data-link=\"http:\/\/appartementsdelacote.com\/adc-salon-low\/\" class=\"wp-image-648\" srcset=\"https:\/\/www.appartementsdelacote.fr\/wp-content\/uploads\/2015\/07\/AdC-Salon-low-1024x652.jpg 1024w, https:\/\/www.appartementsdelacote.fr\/wp-content\/uploads\/2015\/07\/AdC-Salon-low-300x191.jpg 300w, https:\/\/www.appartementsdelacote.fr\/wp-content\/uploads\/2015\/07\/AdC-Salon-low.jpg 1980w\" sizes=\"auto, (max-width: 1024px) 100vw, 1024px\" \/><\/a><figcaption>The &#8220;Maufoux&#8221;<\/figcaption><\/figure>\n<\/li>\n<li class=\"blocks-gallery-item\">\n<figure><a href=\"http:\/\/appartementsdelacote.com\/en\/photos\/photos-vignoble-2\/\"><img loading=\"lazy\" decoding=\"async\" width=\"1024\" height=\"683\" src=\"http:\/\/appartementsdelacote.com\/wp-content\/uploads\/2019\/07\/salon-cuisine-008-1024x683.jpg\" alt=\"\" data-id=\"848\" data-link=\"http:\/\/appartementsdelacote.com\/?attachment_id=848\" class=\"wp-image-848\" srcset=\"https:\/\/www.appartementsdelacote.fr\/wp-content\/uploads\/2019\/07\/salon-cuisine-008-1024x683.jpg 1024w, https:\/\/www.appartementsdelacote.fr\/wp-content\/uploads\/2019\/07\/salon-cuisine-008-300x200.jpg 300w, https:\/\/www.appartementsdelacote.fr\/wp-content\/uploads\/2019\/07\/salon-cuisine-008-768x512.jpg 768w\" sizes=\"auto, (max-width: 1024px) 100vw, 1024px\" \/><\/a><figcaption>The &#8220;Vignoble&#8221;<\/figcaption><\/figure>\n<\/li>\n<li class=\"blocks-gallery-item\">\n<figure><a href=\"http:\/\/appartementsdelacote.com\/en\/photos\/duplex\/\"><img loading=\"lazy\" decoding=\"async\" width=\"1024\" height=\"781\" src=\"http:\/\/appartementsdelacote.com\/wp-content\/uploads\/2015\/07\/DdC-Chambre-4-low-1024x781.jpg\" alt=\"\" data-id=\"630\" data-link=\"http:\/\/appartementsdelacote.com\/ddc-chambre-4-low\/\" class=\"wp-image-630\" srcset=\"https:\/\/www.appartementsdelacote.fr\/wp-content\/uploads\/2015\/07\/DdC-Chambre-4-low-1024x781.jpg 1024w, https:\/\/www.appartementsdelacote.fr\/wp-content\/uploads\/2015\/07\/DdC-Chambre-4-low-300x229.jpg 300w, https:\/\/www.appartementsdelacote.fr\/wp-content\/uploads\/2015\/07\/DdC-Chambre-4-low.jpg 1980w\" sizes=\"auto, (max-width: 1024px) 100vw, 1024px\" \/><\/a><figcaption>The &#8220;Basilique&#8221;<\/figcaption><\/figure>\n<\/li>\n<\/ul>\n","protected":false},"excerpt":{"rendered":"<p>The &#8220;Maufoux&#8221; The &#8220;Vignoble&#8221; The &#8220;Basilique&#8221;<\/p>\n","protected":false},"author":1,"featured_media":0,"parent":0,"menu_order":0,"comment_status":"open","ping_status":"open","template":"","meta":{"footnotes":""},"class_list":["post-669","page","type-page","status-publish","hentry"],"yoast_head":"<!-- This site is optimized with the Yoast SEO plugin v25.7 - https:\/\/yoast.com\/wordpress\/plugins\/seo\/ -->\n<title>Photos - G\u00eete \u00e0 Beaune<\/title>\n<meta name=\"robots\" content=\"index, follow, max-snippet:-1, max-image-preview:large, max-video-preview:-1\" \/>\n<link rel=\"canonical\" href=\"https:\/\/www.appartementsdelacote.fr\/en\/photos\/\" \/>\n<meta property=\"og:locale\" content=\"en_US\" \/>\n<meta property=\"og:type\" content=\"article\" \/>\n<meta property=\"og:title\" content=\"Photos - G\u00eete \u00e0 Beaune\" \/>\n<meta property=\"og:description\" content=\"The &#8220;Maufoux&#8221; The &#8220;Vignoble&#8221; The &#8220;Basilique&#8221;\" \/>\n<meta property=\"og:url\" content=\"https:\/\/www.appartementsdelacote.fr\/en\/photos\/\" \/>\n<meta property=\"og:site_name\" content=\"G\u00eete \u00e0 Beaune\" \/>\n<meta property=\"article:modified_time\" content=\"2019-07-16T08:21:19+00:00\" \/>\n<meta property=\"og:image\" content=\"https:\/\/www.appartementsdelacote.fr\/wp-content\/uploads\/2015\/07\/AdC-Salon-low.jpg\" \/>\n\t<meta property=\"og:image:width\" content=\"1980\" \/>\n\t<meta property=\"og:image:height\" content=\"1261\" \/>\n\t<meta property=\"og:image:type\" content=\"image\/jpeg\" \/>\n<script type=\"application\/ld+json\" class=\"yoast-schema-graph\">{\"@context\":\"https:\/\/schema.org\",\"@graph\":[{\"@type\":\"WebPage\",\"@id\":\"https:\/\/www.appartementsdelacote.fr\/en\/photos\/\",\"url\":\"https:\/\/www.appartementsdelacote.fr\/en\/photos\/\",\"name\":\"Photos - G\u00eete \u00e0 Beaune\",\"isPartOf\":{\"@id\":\"https:\/\/www.appartementsdelacote.fr\/#website\"},\"primaryImageOfPage\":{\"@id\":\"https:\/\/www.appartementsdelacote.fr\/en\/photos\/#primaryimage\"},\"image\":{\"@id\":\"https:\/\/www.appartementsdelacote.fr\/en\/photos\/#primaryimage\"},\"thumbnailUrl\":\"http:\/\/appartementsdelacote.com\/wp-content\/uploads\/2015\/07\/AdC-Salon-low-1024x652.jpg\",\"datePublished\":\"2015-07-12T09:00:04+00:00\",\"dateModified\":\"2019-07-16T08:21:19+00:00\",\"breadcrumb\":{\"@id\":\"https:\/\/www.appartementsdelacote.fr\/en\/photos\/#breadcrumb\"},\"inLanguage\":\"en-US\",\"potentialAction\":[{\"@type\":\"ReadAction\",\"target\":[\"https:\/\/www.appartementsdelacote.fr\/en\/photos\/\"]}]},{\"@type\":\"ImageObject\",\"inLanguage\":\"en-US\",\"@id\":\"https:\/\/www.appartementsdelacote.fr\/en\/photos\/#primaryimage\",\"url\":\"http:\/\/appartementsdelacote.com\/wp-content\/uploads\/2015\/07\/AdC-Salon-low-1024x652.jpg\",\"contentUrl\":\"http:\/\/appartementsdelacote.com\/wp-content\/uploads\/2015\/07\/AdC-Salon-low-1024x652.jpg\"},{\"@type\":\"BreadcrumbList\",\"@id\":\"https:\/\/www.appartementsdelacote.fr\/en\/photos\/#breadcrumb\",\"itemListElement\":[{\"@type\":\"ListItem\",\"position\":1,\"name\":\"Home\",\"item\":\"https:\/\/www.appartementsdelacote.fr\/en\/photos-vignoble\/\"},{\"@type\":\"ListItem\",\"position\":2,\"name\":\"Photos\"}]},{\"@type\":\"WebSite\",\"@id\":\"https:\/\/www.appartementsdelacote.fr\/#website\",\"url\":\"https:\/\/www.appartementsdelacote.fr\/\",\"name\":\"G\u00eete \u00e0 Beaune\",\"description\":\"Appartements de la c\u00f4te\",\"potentialAction\":[{\"@type\":\"SearchAction\",\"target\":{\"@type\":\"EntryPoint\",\"urlTemplate\":\"https:\/\/www.appartementsdelacote.fr\/?s={search_term_string}\"},\"query-input\":{\"@type\":\"PropertyValueSpecification\",\"valueRequired\":true,\"valueName\":\"search_term_string\"}}],\"inLanguage\":\"en-US\"}]}<\/script>\n<!-- \/ Yoast SEO plugin. -->","yoast_head_json":{"title":"Photos - G\u00eete \u00e0 Beaune","robots":{"index":"index","follow":"follow","max-snippet":"max-snippet:-1","max-image-preview":"max-image-preview:large","max-video-preview":"max-video-preview:-1"},"canonical":"https:\/\/www.appartementsdelacote.fr\/en\/photos\/","og_locale":"en_US","og_type":"article","og_title":"Photos - G\u00eete \u00e0 Beaune","og_description":"The &#8220;Maufoux&#8221; The &#8220;Vignoble&#8221; The &#8220;Basilique&#8221;","og_url":"https:\/\/www.appartementsdelacote.fr\/en\/photos\/","og_site_name":"G\u00eete \u00e0 Beaune","article_modified_time":"2019-07-16T08:21:19+00:00","og_image":[{"width":1980,"height":1261,"url":"https:\/\/www.appartementsdelacote.fr\/wp-content\/uploads\/2015\/07\/AdC-Salon-low.jpg","type":"image\/jpeg"}],"schema":{"@context":"https:\/\/schema.org","@graph":[{"@type":"WebPage","@id":"https:\/\/www.appartementsdelacote.fr\/en\/photos\/","url":"https:\/\/www.appartementsdelacote.fr\/en\/photos\/","name":"Photos - G\u00eete \u00e0 Beaune","isPartOf":{"@id":"https:\/\/www.appartementsdelacote.fr\/#website"},"primaryImageOfPage":{"@id":"https:\/\/www.appartementsdelacote.fr\/en\/photos\/#primaryimage"},"image":{"@id":"https:\/\/www.appartementsdelacote.fr\/en\/photos\/#primaryimage"},"thumbnailUrl":"http:\/\/appartementsdelacote.com\/wp-content\/uploads\/2015\/07\/AdC-Salon-low-1024x652.jpg","datePublished":"2015-07-12T09:00:04+00:00","dateModified":"2019-07-16T08:21:19+00:00","breadcrumb":{"@id":"https:\/\/www.appartementsdelacote.fr\/en\/photos\/#breadcrumb"},"inLanguage":"en-US","potentialAction":[{"@type":"ReadAction","target":["https:\/\/www.appartementsdelacote.fr\/en\/photos\/"]}]},{"@type":"ImageObject","inLanguage":"en-US","@id":"https:\/\/www.appartementsdelacote.fr\/en\/photos\/#primaryimage","url":"http:\/\/appartementsdelacote.com\/wp-content\/uploads\/2015\/07\/AdC-Salon-low-1024x652.jpg","contentUrl":"http:\/\/appartementsdelacote.com\/wp-content\/uploads\/2015\/07\/AdC-Salon-low-1024x652.jpg"},{"@type":"BreadcrumbList","@id":"https:\/\/www.appartementsdelacote.fr\/en\/photos\/#breadcrumb","itemListElement":[{"@type":"ListItem","position":1,"name":"Home","item":"https:\/\/www.appartementsdelacote.fr\/en\/photos-vignoble\/"},{"@type":"ListItem","position":2,"name":"Photos"}]},{"@type":"WebSite","@id":"https:\/\/www.appartementsdelacote.fr\/#website","url":"https:\/\/www.appartementsdelacote.fr\/","name":"G\u00eete \u00e0 Beaune","description":"Appartements de la c\u00f4te","potentialAction":[{"@type":"SearchAction","target":{"@type":"EntryPoint","urlTemplate":"https:\/\/www.appartementsdelacote.fr\/?s={search_term_string}"},"query-input":{"@type":"PropertyValueSpecification","valueRequired":true,"valueName":"search_term_string"}}],"inLanguage":"en-US"}]}},"_links":{"self":[{"href":"https:\/\/www.appartementsdelacote.fr\/en\/wp-json\/wp\/v2\/pages\/669","targetHints":{"allow":["GET"]}}],"collection":[{"href":"https:\/\/www.appartementsdelacote.fr\/en\/wp-json\/wp\/v2\/pages"}],"about":[{"href":"https:\/\/www.appartementsdelacote.fr\/en\/wp-json\/wp\/v2\/types\/page"}],"author":[{"embeddable":true,"href":"https:\/\/www.appartementsdelacote.fr\/en\/wp-json\/wp\/v2\/users\/1"}],"replies":[{"embeddable":true,"href":"https:\/\/www.appartementsdelacote.fr\/en\/wp-json\/wp\/v2\/comments?post=669"}],"version-history":[{"count":6,"href":"https:\/\/www.appartementsdelacote.fr\/en\/wp-json\/wp\/v2\/pages\/669\/revisions"}],"predecessor-version":[{"id":952,"href":"https:\/\/www.appartementsdelacote.fr\/en\/wp-json\/wp\/v2\/pages\/669\/revisions\/952"}],"wp:attachment":[{"href":"https:\/\/www.appartementsdelacote.fr\/en\/wp-json\/wp\/v2\/media?parent=669"}],"curies":[{"name":"wp","href":"https:\/\/api.w.org\/{rel}","templated":true}]}}