{"id":319,"date":"2014-07-16T17:51:53","date_gmt":"2014-07-16T16:51:53","guid":{"rendered":"http:\/\/appartementsdelacote.com\/?page_id=319"},"modified":"2019-07-16T12:17:25","modified_gmt":"2019-07-16T11:17:25","slug":"access","status":"publish","type":"page","link":"https:\/\/www.appartementsdelacote.fr\/en\/access\/","title":{"rendered":"Access"},"content":{"rendered":"<p>11 rue Jean Fran\u00e7ois Maufoux, 21200, Beaune<\/p>\n<h1 style=\"display: none;\">Beaune<\/h1>\n<p>Downtown, every kind of stores near, Hospice de Beaune is 50m, Basilique is 30m,<\/p>\n<p>Coordonn\u00e9es GPS :<\/p>\n<h1 style=\"display: none;\">hotel<\/h1>\n<p>Latitude &#8211; 47.023115<\/p>\n<p>Longitude &#8211; 4.835417<\/p>\n<p><iframe loading=\"lazy\" src=\"https:\/\/www.google.com\/maps\/embed?pb=!1m18!1m12!1m3!1d2719.872131847846!2d4.833227915610344!3d47.023114879150214!2m3!1f0!2f0!3f0!3m2!1i1024!2i768!4f13.1!3m3!1m2!1s0x47f2f345375e27f9%3A0x242ecdb511c22e09!2s11+Rue+Maufoux%2C+21200+Beaune!5e0!3m2!1sfr!2sfr!4v1563275823686!5m2!1sfr!2sfr\" width=\"600\" height=\"450\" frameborder=\"0\" style=\"border:0\" allowfullscreen=\"\"><\/iframe><\/p>\n","protected":false},"excerpt":{"rendered":"<p>11 rue Jean Fran\u00e7ois Maufoux, 21200, Beaune Beaune Downtown, every kind of stores near, Hospice de Beaune is 50m, Basilique is 30m, Coordonn\u00e9es GPS : hotel Latitude &#8211; 47.023115 Longitude &#8211; 4.835417<\/p>\n","protected":false},"author":1,"featured_media":0,"parent":0,"menu_order":5,"comment_status":"closed","ping_status":"open","template":"","meta":{"footnotes":""},"class_list":["post-319","page","type-page","status-publish","hentry"],"yoast_head":"<!-- This site is optimized with the Yoast SEO plugin v25.7 - https:\/\/yoast.com\/wordpress\/plugins\/seo\/ -->\n<title>Access - G\u00eete \u00e0 Beaune<\/title>\n<meta name=\"robots\" content=\"index, follow, max-snippet:-1, max-image-preview:large, max-video-preview:-1\" \/>\n<link rel=\"canonical\" href=\"https:\/\/www.appartementsdelacote.fr\/en\/access\/\" \/>\n<meta property=\"og:locale\" content=\"en_US\" \/>\n<meta property=\"og:type\" content=\"article\" \/>\n<meta property=\"og:title\" content=\"Access - G\u00eete \u00e0 Beaune\" \/>\n<meta property=\"og:description\" content=\"11 rue Jean Fran\u00e7ois Maufoux, 21200, Beaune Beaune Downtown, every kind of stores near, Hospice de Beaune is 50m, Basilique is 30m, Coordonn\u00e9es GPS : hotel Latitude &#8211; 47.023115 Longitude &#8211; 4.835417\" \/>\n<meta property=\"og:url\" content=\"https:\/\/www.appartementsdelacote.fr\/en\/access\/\" \/>\n<meta property=\"og:site_name\" content=\"G\u00eete \u00e0 Beaune\" \/>\n<meta property=\"article:modified_time\" content=\"2019-07-16T11:17:25+00:00\" \/>\n<script type=\"application\/ld+json\" class=\"yoast-schema-graph\">{\"@context\":\"https:\/\/schema.org\",\"@graph\":[{\"@type\":\"WebPage\",\"@id\":\"https:\/\/www.appartementsdelacote.fr\/en\/access\/\",\"url\":\"https:\/\/www.appartementsdelacote.fr\/en\/access\/\",\"name\":\"Access - G\u00eete \u00e0 Beaune\",\"isPartOf\":{\"@id\":\"https:\/\/www.appartementsdelacote.fr\/#website\"},\"datePublished\":\"2014-07-16T16:51:53+00:00\",\"dateModified\":\"2019-07-16T11:17:25+00:00\",\"breadcrumb\":{\"@id\":\"https:\/\/www.appartementsdelacote.fr\/en\/access\/#breadcrumb\"},\"inLanguage\":\"en-US\",\"potentialAction\":[{\"@type\":\"ReadAction\",\"target\":[\"https:\/\/www.appartementsdelacote.fr\/en\/access\/\"]}]},{\"@type\":\"BreadcrumbList\",\"@id\":\"https:\/\/www.appartementsdelacote.fr\/en\/access\/#breadcrumb\",\"itemListElement\":[{\"@type\":\"ListItem\",\"position\":1,\"name\":\"Home\",\"item\":\"https:\/\/www.appartementsdelacote.fr\/en\/photos-vignoble\/\"},{\"@type\":\"ListItem\",\"position\":2,\"name\":\"Access\"}]},{\"@type\":\"WebSite\",\"@id\":\"https:\/\/www.appartementsdelacote.fr\/#website\",\"url\":\"https:\/\/www.appartementsdelacote.fr\/\",\"name\":\"G\u00eete \u00e0 Beaune\",\"description\":\"Appartements de la c\u00f4te\",\"potentialAction\":[{\"@type\":\"SearchAction\",\"target\":{\"@type\":\"EntryPoint\",\"urlTemplate\":\"https:\/\/www.appartementsdelacote.fr\/?s={search_term_string}\"},\"query-input\":{\"@type\":\"PropertyValueSpecification\",\"valueRequired\":true,\"valueName\":\"search_term_string\"}}],\"inLanguage\":\"en-US\"}]}<\/script>\n<!-- \/ Yoast SEO plugin. -->","yoast_head_json":{"title":"Access - G\u00eete \u00e0 Beaune","robots":{"index":"index","follow":"follow","max-snippet":"max-snippet:-1","max-image-preview":"max-image-preview:large","max-video-preview":"max-video-preview:-1"},"canonical":"https:\/\/www.appartementsdelacote.fr\/en\/access\/","og_locale":"en_US","og_type":"article","og_title":"Access - G\u00eete \u00e0 Beaune","og_description":"11 rue Jean Fran\u00e7ois Maufoux, 21200, Beaune Beaune Downtown, every kind of stores near, Hospice de Beaune is 50m, Basilique is 30m, Coordonn\u00e9es GPS : hotel Latitude &#8211; 47.023115 Longitude &#8211; 4.835417","og_url":"https:\/\/www.appartementsdelacote.fr\/en\/access\/","og_site_name":"G\u00eete \u00e0 Beaune","article_modified_time":"2019-07-16T11:17:25+00:00","schema":{"@context":"https:\/\/schema.org","@graph":[{"@type":"WebPage","@id":"https:\/\/www.appartementsdelacote.fr\/en\/access\/","url":"https:\/\/www.appartementsdelacote.fr\/en\/access\/","name":"Access - G\u00eete \u00e0 Beaune","isPartOf":{"@id":"https:\/\/www.appartementsdelacote.fr\/#website"},"datePublished":"2014-07-16T16:51:53+00:00","dateModified":"2019-07-16T11:17:25+00:00","breadcrumb":{"@id":"https:\/\/www.appartementsdelacote.fr\/en\/access\/#breadcrumb"},"inLanguage":"en-US","potentialAction":[{"@type":"ReadAction","target":["https:\/\/www.appartementsdelacote.fr\/en\/access\/"]}]},{"@type":"BreadcrumbList","@id":"https:\/\/www.appartementsdelacote.fr\/en\/access\/#breadcrumb","itemListElement":[{"@type":"ListItem","position":1,"name":"Home","item":"https:\/\/www.appartementsdelacote.fr\/en\/photos-vignoble\/"},{"@type":"ListItem","position":2,"name":"Access"}]},{"@type":"WebSite","@id":"https:\/\/www.appartementsdelacote.fr\/#website","url":"https:\/\/www.appartementsdelacote.fr\/","name":"G\u00eete \u00e0 Beaune","description":"Appartements de la c\u00f4te","potentialAction":[{"@type":"SearchAction","target":{"@type":"EntryPoint","urlTemplate":"https:\/\/www.appartementsdelacote.fr\/?s={search_term_string}"},"query-input":{"@type":"PropertyValueSpecification","valueRequired":true,"valueName":"search_term_string"}}],"inLanguage":"en-US"}]}},"_links":{"self":[{"href":"https:\/\/www.appartementsdelacote.fr\/en\/wp-json\/wp\/v2\/pages\/319","targetHints":{"allow":["GET"]}}],"collection":[{"href":"https:\/\/www.appartementsdelacote.fr\/en\/wp-json\/wp\/v2\/pages"}],"about":[{"href":"https:\/\/www.appartementsdelacote.fr\/en\/wp-json\/wp\/v2\/types\/page"}],"author":[{"embeddable":true,"href":"https:\/\/www.appartementsdelacote.fr\/en\/wp-json\/wp\/v2\/users\/1"}],"replies":[{"embeddable":true,"href":"https:\/\/www.appartementsdelacote.fr\/en\/wp-json\/wp\/v2\/comments?post=319"}],"version-history":[{"count":5,"href":"https:\/\/www.appartementsdelacote.fr\/en\/wp-json\/wp\/v2\/pages\/319\/revisions"}],"predecessor-version":[{"id":993,"href":"https:\/\/www.appartementsdelacote.fr\/en\/wp-json\/wp\/v2\/pages\/319\/revisions\/993"}],"wp:attachment":[{"href":"https:\/\/www.appartementsdelacote.fr\/en\/wp-json\/wp\/v2\/media?parent=319"}],"curies":[{"name":"wp","href":"https:\/\/api.w.org\/{rel}","templated":true}]}}