{"id":311,"date":"2014-07-09T11:44:20","date_gmt":"2014-07-09T10:44:20","guid":{"rendered":"http:\/\/appartementsdelacote.com\/?page_id=311"},"modified":"2023-03-04T16:17:49","modified_gmt":"2023-03-04T15:17:49","slug":"tarif-and-conditions","status":"publish","type":"page","link":"https:\/\/www.appartementsdelacote.fr\/en\/tarif-and-conditions\/","title":{"rendered":"Prices and terms"},"content":{"rendered":"<h1 style=\"display: none;\">g\u00eete<\/h1>\n<h3 style=\"text-align: left;\">PRICES<\/h3>\n<p style=\"text-align: left;\"><strong>Maufoux (door N\u00b03) : 330<\/strong><strong>\u20ac\/night <\/strong>(standard price until 4 peoples)<br \/>\n+30\u20ac\/pers\u00a0until 6 pers<\/p>\n<p style=\"text-align: left;\"><strong>Vignoble (doors N\u00b04&amp;5) : 530<\/strong><strong>\u20ac\/night <\/strong>(standard price until 8 peoples)<br \/>\n+10\u20ac\/pers\u00a0 until 12 pers<\/p>\n<p style=\"text-align: left;\"><strong>Basilique (doors N\u00b04&amp;5) : 430<\/strong><strong>\u20ac\/night <\/strong>(standard price until 8 peoples)<br \/>\n+10\u20ac\/pers\u00a0 until 12 pers<\/p>\n<hr \/>\n<h3 style=\"text-align: left;\">CONDITIONS<\/h3>\n<p><em>Minimum = 2 Nights<\/em><\/p>\n<p><strong>NON-SMOKING<br \/>\nANIMALS FORBIDDEN<\/strong><\/p>\n<p style=\"text-align: left;\"><strong>Down-Payment<br \/>\n<\/strong>25% of the total amount.<\/p>\n<p style=\"text-align: left;\"><strong>Balance<br \/>\n<\/strong>At the arrival : cash or by bank transfer.<\/p>\n<p style=\"text-align: left;\"><strong>Refundable Deposit<br \/>\n<\/strong>at the arrival = 500\u20ac.<\/p>\n<p style=\"text-align: left;\"><strong>Cancellation<br \/>\n<\/strong>The Down-payment will be reimburse in case of any cancellation more than 2 months before arrival.<\/p>\n<p style=\"text-align: left;\">The total amount is due in case of any cancellation\u00a07 days before arrival.<\/p>\n","protected":false},"excerpt":{"rendered":"<p>g\u00eete PRICES Maufoux (door N\u00b03) : 330\u20ac\/night (standard price until 4 peoples) +30\u20ac\/pers\u00a0until 6 pers Vignoble (doors N\u00b04&amp;5) : 530\u20ac\/night (standard price until 8 peoples) +10\u20ac\/pers\u00a0 until 12 pers Basilique (doors N\u00b04&amp;5) : 430\u20ac\/night (standard price until 8 peoples) +10\u20ac\/pers\u00a0 until 12 pers CONDITIONS Minimum = 2 Nights NON-SMOKING ANIMALS FORBIDDEN Down-Payment 25% of the total amount. Balance At the arrival : cash or by bank transfer. Refundable Deposit at the arrival = 500\u20ac. Cancellation The Down-payment will be reimburse in case of any cancellation more than 2&#8230;<\/p>\n","protected":false},"author":1,"featured_media":0,"parent":0,"menu_order":6,"comment_status":"closed","ping_status":"open","template":"","meta":{"footnotes":""},"class_list":["post-311","page","type-page","status-publish","hentry"],"yoast_head":"<!-- This site is optimized with the Yoast SEO plugin v25.7 - https:\/\/yoast.com\/wordpress\/plugins\/seo\/ -->\n<title>Prices and terms - G\u00eete \u00e0 Beaune<\/title>\n<meta name=\"robots\" content=\"index, follow, max-snippet:-1, max-image-preview:large, max-video-preview:-1\" \/>\n<link rel=\"canonical\" href=\"https:\/\/www.appartementsdelacote.fr\/en\/tarif-and-conditions\/\" \/>\n<meta property=\"og:locale\" content=\"en_US\" \/>\n<meta property=\"og:type\" content=\"article\" \/>\n<meta property=\"og:title\" content=\"Prices and terms - G\u00eete \u00e0 Beaune\" \/>\n<meta property=\"og:description\" content=\"g\u00eete PRICES Maufoux (door N\u00b03) : 330\u20ac\/night (standard price until 4 peoples) +30\u20ac\/pers\u00a0until 6 pers Vignoble (doors N\u00b04&amp;5) : 530\u20ac\/night (standard price until 8 peoples) +10\u20ac\/pers\u00a0 until 12 pers Basilique (doors N\u00b04&amp;5) : 430\u20ac\/night (standard price until 8 peoples) +10\u20ac\/pers\u00a0 until 12 pers CONDITIONS Minimum = 2 Nights NON-SMOKING ANIMALS FORBIDDEN Down-Payment 25% of the total amount. Balance At the arrival : cash or by bank transfer. Refundable Deposit at the arrival = 500\u20ac. Cancellation The Down-payment will be reimburse in case of any cancellation more than 2...\" \/>\n<meta property=\"og:url\" content=\"https:\/\/www.appartementsdelacote.fr\/en\/tarif-and-conditions\/\" \/>\n<meta property=\"og:site_name\" content=\"G\u00eete \u00e0 Beaune\" \/>\n<meta property=\"article:modified_time\" content=\"2023-03-04T15:17:49+00:00\" \/>\n<script type=\"application\/ld+json\" class=\"yoast-schema-graph\">{\"@context\":\"https:\/\/schema.org\",\"@graph\":[{\"@type\":\"WebPage\",\"@id\":\"https:\/\/www.appartementsdelacote.fr\/en\/tarif-and-conditions\/\",\"url\":\"https:\/\/www.appartementsdelacote.fr\/en\/tarif-and-conditions\/\",\"name\":\"Prices and terms - G\u00eete \u00e0 Beaune\",\"isPartOf\":{\"@id\":\"https:\/\/www.appartementsdelacote.fr\/#website\"},\"datePublished\":\"2014-07-09T10:44:20+00:00\",\"dateModified\":\"2023-03-04T15:17:49+00:00\",\"breadcrumb\":{\"@id\":\"https:\/\/www.appartementsdelacote.fr\/en\/tarif-and-conditions\/#breadcrumb\"},\"inLanguage\":\"en-US\",\"potentialAction\":[{\"@type\":\"ReadAction\",\"target\":[\"https:\/\/www.appartementsdelacote.fr\/en\/tarif-and-conditions\/\"]}]},{\"@type\":\"BreadcrumbList\",\"@id\":\"https:\/\/www.appartementsdelacote.fr\/en\/tarif-and-conditions\/#breadcrumb\",\"itemListElement\":[{\"@type\":\"ListItem\",\"position\":1,\"name\":\"Home\",\"item\":\"https:\/\/www.appartementsdelacote.fr\/en\/photos-vignoble\/\"},{\"@type\":\"ListItem\",\"position\":2,\"name\":\"Prices and terms\"}]},{\"@type\":\"WebSite\",\"@id\":\"https:\/\/www.appartementsdelacote.fr\/#website\",\"url\":\"https:\/\/www.appartementsdelacote.fr\/\",\"name\":\"G\u00eete \u00e0 Beaune\",\"description\":\"Appartements de la c\u00f4te\",\"potentialAction\":[{\"@type\":\"SearchAction\",\"target\":{\"@type\":\"EntryPoint\",\"urlTemplate\":\"https:\/\/www.appartementsdelacote.fr\/?s={search_term_string}\"},\"query-input\":{\"@type\":\"PropertyValueSpecification\",\"valueRequired\":true,\"valueName\":\"search_term_string\"}}],\"inLanguage\":\"en-US\"}]}<\/script>\n<!-- \/ Yoast SEO plugin. -->","yoast_head_json":{"title":"Prices and terms - G\u00eete \u00e0 Beaune","robots":{"index":"index","follow":"follow","max-snippet":"max-snippet:-1","max-image-preview":"max-image-preview:large","max-video-preview":"max-video-preview:-1"},"canonical":"https:\/\/www.appartementsdelacote.fr\/en\/tarif-and-conditions\/","og_locale":"en_US","og_type":"article","og_title":"Prices and terms - G\u00eete \u00e0 Beaune","og_description":"g\u00eete PRICES Maufoux (door N\u00b03) : 330\u20ac\/night (standard price until 4 peoples) +30\u20ac\/pers\u00a0until 6 pers Vignoble (doors N\u00b04&amp;5) : 530\u20ac\/night (standard price until 8 peoples) +10\u20ac\/pers\u00a0 until 12 pers Basilique (doors N\u00b04&amp;5) : 430\u20ac\/night (standard price until 8 peoples) +10\u20ac\/pers\u00a0 until 12 pers CONDITIONS Minimum = 2 Nights NON-SMOKING ANIMALS FORBIDDEN Down-Payment 25% of the total amount. Balance At the arrival : cash or by bank transfer. Refundable Deposit at the arrival = 500\u20ac. Cancellation The Down-payment will be reimburse in case of any cancellation more than 2...","og_url":"https:\/\/www.appartementsdelacote.fr\/en\/tarif-and-conditions\/","og_site_name":"G\u00eete \u00e0 Beaune","article_modified_time":"2023-03-04T15:17:49+00:00","schema":{"@context":"https:\/\/schema.org","@graph":[{"@type":"WebPage","@id":"https:\/\/www.appartementsdelacote.fr\/en\/tarif-and-conditions\/","url":"https:\/\/www.appartementsdelacote.fr\/en\/tarif-and-conditions\/","name":"Prices and terms - G\u00eete \u00e0 Beaune","isPartOf":{"@id":"https:\/\/www.appartementsdelacote.fr\/#website"},"datePublished":"2014-07-09T10:44:20+00:00","dateModified":"2023-03-04T15:17:49+00:00","breadcrumb":{"@id":"https:\/\/www.appartementsdelacote.fr\/en\/tarif-and-conditions\/#breadcrumb"},"inLanguage":"en-US","potentialAction":[{"@type":"ReadAction","target":["https:\/\/www.appartementsdelacote.fr\/en\/tarif-and-conditions\/"]}]},{"@type":"BreadcrumbList","@id":"https:\/\/www.appartementsdelacote.fr\/en\/tarif-and-conditions\/#breadcrumb","itemListElement":[{"@type":"ListItem","position":1,"name":"Home","item":"https:\/\/www.appartementsdelacote.fr\/en\/photos-vignoble\/"},{"@type":"ListItem","position":2,"name":"Prices and terms"}]},{"@type":"WebSite","@id":"https:\/\/www.appartementsdelacote.fr\/#website","url":"https:\/\/www.appartementsdelacote.fr\/","name":"G\u00eete \u00e0 Beaune","description":"Appartements de la c\u00f4te","potentialAction":[{"@type":"SearchAction","target":{"@type":"EntryPoint","urlTemplate":"https:\/\/www.appartementsdelacote.fr\/?s={search_term_string}"},"query-input":{"@type":"PropertyValueSpecification","valueRequired":true,"valueName":"search_term_string"}}],"inLanguage":"en-US"}]}},"_links":{"self":[{"href":"https:\/\/www.appartementsdelacote.fr\/en\/wp-json\/wp\/v2\/pages\/311","targetHints":{"allow":["GET"]}}],"collection":[{"href":"https:\/\/www.appartementsdelacote.fr\/en\/wp-json\/wp\/v2\/pages"}],"about":[{"href":"https:\/\/www.appartementsdelacote.fr\/en\/wp-json\/wp\/v2\/types\/page"}],"author":[{"embeddable":true,"href":"https:\/\/www.appartementsdelacote.fr\/en\/wp-json\/wp\/v2\/users\/1"}],"replies":[{"embeddable":true,"href":"https:\/\/www.appartementsdelacote.fr\/en\/wp-json\/wp\/v2\/comments?post=311"}],"version-history":[{"count":17,"href":"https:\/\/www.appartementsdelacote.fr\/en\/wp-json\/wp\/v2\/pages\/311\/revisions"}],"predecessor-version":[{"id":1020,"href":"https:\/\/www.appartementsdelacote.fr\/en\/wp-json\/wp\/v2\/pages\/311\/revisions\/1020"}],"wp:attachment":[{"href":"https:\/\/www.appartementsdelacote.fr\/en\/wp-json\/wp\/v2\/media?parent=311"}],"curies":[{"name":"wp","href":"https:\/\/api.w.org\/{rel}","templated":true}]}}