{"id":309,"date":"2014-07-09T11:40:26","date_gmt":"2014-07-09T10:40:26","guid":{"rendered":"http:\/\/appartementsdelacote.com\/?page_id=309"},"modified":"2016-03-21T17:26:19","modified_gmt":"2016-03-21T16:26:19","slug":"reservations","status":"publish","type":"page","link":"https:\/\/www.appartementsdelacote.fr\/en\/reservations\/","title":{"rendered":"Booking"},"content":{"rendered":"<p>Contact :<\/p>\n<p>appartementsdelacote@gmail.com<br \/>\nMich\u00e8le Payet : +33 679 388 724 (06.79.38.87.24)<\/p>\n<p><strong>We do not accept reservations for less than two nights.<\/strong> Thank you for your understanding.<\/p>\n\n<div class=\"wpcf7 no-js\" id=\"wpcf7-f789-o1\" lang=\"fr-FR\" dir=\"ltr\" data-wpcf7-id=\"789\">\n<div class=\"screen-reader-response\"><p role=\"status\" aria-live=\"polite\" aria-atomic=\"true\"><\/p> <ul><\/ul><\/div>\n<form action=\"\/en\/wp-json\/wp\/v2\/pages\/309#wpcf7-f789-o1\" method=\"post\" class=\"wpcf7-form init\" aria-label=\"Formulaire de contact\" novalidate=\"novalidate\" data-status=\"init\">\n<fieldset class=\"hidden-fields-container\"><input type=\"hidden\" name=\"_wpcf7\" value=\"789\" \/><input type=\"hidden\" name=\"_wpcf7_version\" value=\"6.1.1\" \/><input type=\"hidden\" name=\"_wpcf7_locale\" value=\"fr_FR\" \/><input type=\"hidden\" name=\"_wpcf7_unit_tag\" value=\"wpcf7-f789-o1\" \/><input type=\"hidden\" name=\"_wpcf7_container_post\" value=\"0\" \/><input type=\"hidden\" name=\"_wpcf7_posted_data_hash\" value=\"\" \/><input type=\"hidden\" name=\"_wpcf7_recaptcha_response\" value=\"\" \/>\n<\/fieldset>\n<p>Your name (required)\n<\/p>\n<p><span class=\"wpcf7-form-control-wrap\" data-name=\"your-name\"><input size=\"40\" maxlength=\"400\" class=\"wpcf7-form-control wpcf7-text wpcf7-validates-as-required\" aria-required=\"true\" aria-invalid=\"false\" value=\"\" type=\"text\" name=\"your-name\" \/><\/span>\n<\/p>\n<p>Your email adress (required)\n<\/p>\n<p><span class=\"wpcf7-form-control-wrap\" data-name=\"your-email\"><input size=\"40\" maxlength=\"400\" class=\"wpcf7-form-control wpcf7-email wpcf7-validates-as-required wpcf7-text wpcf7-validates-as-email\" aria-required=\"true\" aria-invalid=\"false\" value=\"\" type=\"email\" name=\"your-email\" \/><\/span>\n<\/p>\n<p>Number of people\n<\/p>\n<p><span class=\"wpcf7-form-control-wrap\" data-name=\"text-325\"><input size=\"40\" maxlength=\"400\" class=\"wpcf7-form-control wpcf7-text\" aria-invalid=\"false\" value=\"\" type=\"text\" name=\"text-325\" \/><\/span>\n<\/p>\n<p>Accomodation concerned\n<\/p>\n<p><span class=\"wpcf7-form-control-wrap\" data-name=\"menu-33\"><select class=\"wpcf7-form-control wpcf7-select\" aria-invalid=\"false\" name=\"menu-33\"><option value=\"\">&#8212;Veuillez choisir une option&#8212;<\/option><option value=\"Maufoux\">Maufoux<\/option><option value=\"Vignoble (whole)\">Vignoble (whole)<\/option><option value=\"1st floor of Vignoble\">1st floor of Vignoble<\/option><option value=\"2nd floor of Vignoble\">2nd floor of Vignoble<\/option><option value=\"Basilique (whole)\">Basilique (whole)<\/option><option value=\"1st floor of Basilique\">1st floor of Basilique<\/option><option value=\"2nd floor of Basilique\">2nd floor of Basilique<\/option><\/select><\/span>\n<\/p>\n<p>Date of stay\n<\/p>\n<p><span class=\"wpcf7-form-control-wrap\" data-name=\"text-401\"><input size=\"40\" maxlength=\"400\" class=\"wpcf7-form-control wpcf7-text\" aria-invalid=\"false\" value=\"\" type=\"text\" name=\"text-401\" \/><\/span>\n<\/p>\n<p>Additionnal informations\n<\/p>\n<p><span class=\"wpcf7-form-control-wrap\" data-name=\"your-message\"><textarea cols=\"40\" rows=\"10\" maxlength=\"2000\" class=\"wpcf7-form-control wpcf7-textarea\" aria-invalid=\"false\" name=\"your-message\"><\/textarea><\/span>\n<\/p>\n<p><input class=\"wpcf7-form-control wpcf7-submit has-spinner\" type=\"submit\" value=\"Envoyer\" \/>\n<\/p><div class=\"wpcf7-response-output\" aria-hidden=\"true\"><\/div>\n<\/form>\n<\/div>\n\n","protected":false},"excerpt":{"rendered":"<p>Contact : appartementsdelacote@gmail.com Mich\u00e8le Payet : +33 679 388 724 (06.79.38.87.24) We do not accept reservations for less than two nights. Thank you for your understanding.<\/p>\n","protected":false},"author":1,"featured_media":0,"parent":0,"menu_order":6,"comment_status":"closed","ping_status":"open","template":"","meta":{"footnotes":""},"class_list":["post-309","page","type-page","status-publish","hentry"],"yoast_head":"<!-- This site is optimized with the Yoast SEO plugin v25.7 - https:\/\/yoast.com\/wordpress\/plugins\/seo\/ -->\n<title>Booking - G\u00eete \u00e0 Beaune<\/title>\n<meta name=\"robots\" content=\"index, follow, max-snippet:-1, max-image-preview:large, max-video-preview:-1\" \/>\n<link rel=\"canonical\" href=\"https:\/\/www.appartementsdelacote.fr\/en\/reservations\/\" \/>\n<meta property=\"og:locale\" content=\"en_US\" \/>\n<meta property=\"og:type\" content=\"article\" \/>\n<meta property=\"og:title\" content=\"Booking - G\u00eete \u00e0 Beaune\" \/>\n<meta property=\"og:description\" content=\"Contact : appartementsdelacote@gmail.com Mich\u00e8le Payet : +33 679 388 724 (06.79.38.87.24) We do not accept reservations for less than two nights. Thank you for your understanding.\" \/>\n<meta property=\"og:url\" content=\"https:\/\/www.appartementsdelacote.fr\/en\/reservations\/\" \/>\n<meta property=\"og:site_name\" content=\"G\u00eete \u00e0 Beaune\" \/>\n<meta property=\"article:modified_time\" content=\"2016-03-21T16:26:19+00:00\" \/>\n<script type=\"application\/ld+json\" class=\"yoast-schema-graph\">{\"@context\":\"https:\/\/schema.org\",\"@graph\":[{\"@type\":\"WebPage\",\"@id\":\"https:\/\/www.appartementsdelacote.fr\/en\/reservations\/\",\"url\":\"https:\/\/www.appartementsdelacote.fr\/en\/reservations\/\",\"name\":\"Booking - G\u00eete \u00e0 Beaune\",\"isPartOf\":{\"@id\":\"https:\/\/www.appartementsdelacote.fr\/#website\"},\"datePublished\":\"2014-07-09T10:40:26+00:00\",\"dateModified\":\"2016-03-21T16:26:19+00:00\",\"breadcrumb\":{\"@id\":\"https:\/\/www.appartementsdelacote.fr\/en\/reservations\/#breadcrumb\"},\"inLanguage\":\"en-US\",\"potentialAction\":[{\"@type\":\"ReadAction\",\"target\":[\"https:\/\/www.appartementsdelacote.fr\/en\/reservations\/\"]}]},{\"@type\":\"BreadcrumbList\",\"@id\":\"https:\/\/www.appartementsdelacote.fr\/en\/reservations\/#breadcrumb\",\"itemListElement\":[{\"@type\":\"ListItem\",\"position\":1,\"name\":\"Home\",\"item\":\"https:\/\/www.appartementsdelacote.fr\/en\/photos-vignoble\/\"},{\"@type\":\"ListItem\",\"position\":2,\"name\":\"Booking\"}]},{\"@type\":\"WebSite\",\"@id\":\"https:\/\/www.appartementsdelacote.fr\/#website\",\"url\":\"https:\/\/www.appartementsdelacote.fr\/\",\"name\":\"G\u00eete \u00e0 Beaune\",\"description\":\"Appartements de la c\u00f4te\",\"potentialAction\":[{\"@type\":\"SearchAction\",\"target\":{\"@type\":\"EntryPoint\",\"urlTemplate\":\"https:\/\/www.appartementsdelacote.fr\/?s={search_term_string}\"},\"query-input\":{\"@type\":\"PropertyValueSpecification\",\"valueRequired\":true,\"valueName\":\"search_term_string\"}}],\"inLanguage\":\"en-US\"}]}<\/script>\n<!-- \/ Yoast SEO plugin. -->","yoast_head_json":{"title":"Booking - G\u00eete \u00e0 Beaune","robots":{"index":"index","follow":"follow","max-snippet":"max-snippet:-1","max-image-preview":"max-image-preview:large","max-video-preview":"max-video-preview:-1"},"canonical":"https:\/\/www.appartementsdelacote.fr\/en\/reservations\/","og_locale":"en_US","og_type":"article","og_title":"Booking - G\u00eete \u00e0 Beaune","og_description":"Contact : appartementsdelacote@gmail.com Mich\u00e8le Payet : +33 679 388 724 (06.79.38.87.24) We do not accept reservations for less than two nights. Thank you for your understanding.","og_url":"https:\/\/www.appartementsdelacote.fr\/en\/reservations\/","og_site_name":"G\u00eete \u00e0 Beaune","article_modified_time":"2016-03-21T16:26:19+00:00","schema":{"@context":"https:\/\/schema.org","@graph":[{"@type":"WebPage","@id":"https:\/\/www.appartementsdelacote.fr\/en\/reservations\/","url":"https:\/\/www.appartementsdelacote.fr\/en\/reservations\/","name":"Booking - G\u00eete \u00e0 Beaune","isPartOf":{"@id":"https:\/\/www.appartementsdelacote.fr\/#website"},"datePublished":"2014-07-09T10:40:26+00:00","dateModified":"2016-03-21T16:26:19+00:00","breadcrumb":{"@id":"https:\/\/www.appartementsdelacote.fr\/en\/reservations\/#breadcrumb"},"inLanguage":"en-US","potentialAction":[{"@type":"ReadAction","target":["https:\/\/www.appartementsdelacote.fr\/en\/reservations\/"]}]},{"@type":"BreadcrumbList","@id":"https:\/\/www.appartementsdelacote.fr\/en\/reservations\/#breadcrumb","itemListElement":[{"@type":"ListItem","position":1,"name":"Home","item":"https:\/\/www.appartementsdelacote.fr\/en\/photos-vignoble\/"},{"@type":"ListItem","position":2,"name":"Booking"}]},{"@type":"WebSite","@id":"https:\/\/www.appartementsdelacote.fr\/#website","url":"https:\/\/www.appartementsdelacote.fr\/","name":"G\u00eete \u00e0 Beaune","description":"Appartements de la c\u00f4te","potentialAction":[{"@type":"SearchAction","target":{"@type":"EntryPoint","urlTemplate":"https:\/\/www.appartementsdelacote.fr\/?s={search_term_string}"},"query-input":{"@type":"PropertyValueSpecification","valueRequired":true,"valueName":"search_term_string"}}],"inLanguage":"en-US"}]}},"_links":{"self":[{"href":"https:\/\/www.appartementsdelacote.fr\/en\/wp-json\/wp\/v2\/pages\/309","targetHints":{"allow":["GET"]}}],"collection":[{"href":"https:\/\/www.appartementsdelacote.fr\/en\/wp-json\/wp\/v2\/pages"}],"about":[{"href":"https:\/\/www.appartementsdelacote.fr\/en\/wp-json\/wp\/v2\/types\/page"}],"author":[{"embeddable":true,"href":"https:\/\/www.appartementsdelacote.fr\/en\/wp-json\/wp\/v2\/users\/1"}],"replies":[{"embeddable":true,"href":"https:\/\/www.appartementsdelacote.fr\/en\/wp-json\/wp\/v2\/comments?post=309"}],"version-history":[{"count":5,"href":"https:\/\/www.appartementsdelacote.fr\/en\/wp-json\/wp\/v2\/pages\/309\/revisions"}],"predecessor-version":[{"id":790,"href":"https:\/\/www.appartementsdelacote.fr\/en\/wp-json\/wp\/v2\/pages\/309\/revisions\/790"}],"wp:attachment":[{"href":"https:\/\/www.appartementsdelacote.fr\/en\/wp-json\/wp\/v2\/media?parent=309"}],"curies":[{"name":"wp","href":"https:\/\/api.w.org\/{rel}","templated":true}]}}